{"id":1993,"date":"2023-07-01T19:41:07","date_gmt":"2023-07-01T17:41:07","guid":{"rendered":"https:\/\/dailymedia.pl\/?page_id=1993"},"modified":"2023-07-01T19:41:39","modified_gmt":"2023-07-01T17:41:39","slug":"e-book","status":"publish","type":"page","link":"https:\/\/dailymedia.pl\/en\/e-book\/","title":{"rendered":"E-Book"},"content":{"rendered":"<div class=\"wp-block-stackable-call-to-action alignfull stk-block-call-to-action stk-block stk-820ecf8 stk-block-background stk--has-background-overlay\" data-v=\"2\" data-block-id=\"820ecf8\"><style>.stk-820ecf8{background-color:#006ba1 !important;background-image:url(https:\/\/d3gt1urn7320t9.cloudfront.net\/library-v3\/section-arch-call-to-action-1\/25a83e2df764.jpg) !important;min-height:400px !important;align-items:center !important;display:flex !important}.stk-820ecf8:before{opacity:0.5 !important;background-image:linear-gradient(90deg,#006ba1 0%,#7bdcb5 100%) !important}<\/style><div class=\"stk-block-call-to-action__content stk-content-align stk-820ecf8-column alignwide stk-container stk-820ecf8-container stk--no-background stk--no-padding\"><div class=\"has-text-align-center stk-block-content stk-inner-blocks stk-820ecf8-inner-blocks\">\n<div class=\"wp-block-stackable-heading stk-block-heading stk-block-heading--v2 stk-block stk-4fcdf62\" id=\"prompt-an-action-now\" data-block-id=\"4fcdf62\"><style>.stk-4fcdf62 .stk-block-heading__text{font-size:48px !important;color:#FFFFFF !important;font-weight:600 !important;font-family:\"Lato\",Sans-serif !important}@media screen and (max-width:999px){.stk-4fcdf62 .stk-block-heading__text{font-size:48px !important}}<\/style><h3 class=\"stk-block-heading__text has-text-color has-white-color\">Prompt an Action Now<\/h3><\/div>\n\n\n\n<div class=\"wp-block-stackable-text stk-block-text stk-block stk-eb0fe6c\" data-block-id=\"eb0fe6c\"><style>.stk-eb0fe6c .stk-block-text__text{color:#FFFFFF !important}<\/style><p class=\"stk-block-text__text has-text-color has-white-color\">Description for this block. Use this space for describing your block. Any text will do. Description for this block. You can use this space for describing your block.<\/p><\/div>\n\n\n\n<div class=\"wp-block-stackable-button-group stk-block-button-group stk-block stk-7e0f853\" data-block-id=\"7e0f853\"><div class=\"stk-row stk-inner-blocks stk-block-content stk-button-group\">\n<div class=\"wp-block-stackable-button stk-block-button stk-block stk-a2437ad\" data-block-id=\"a2437ad\"><style>.stk-a2437ad:hover{opacity:0.8 !important}.stk-a2437ad .stk-button{padding-right:24px !important;padding-left:24px !important;background:#7bdcb5 !important;border-radius:50px !important}.stk-a2437ad .stk-button__inner-text{color:#000000 !important}<\/style><a class=\"stk-link stk-button stk--hover-effect-darken\" href=\"\"><span class=\"has-text-color has-black-color stk-button__inner-text\">Pobierz plik<\/span><\/a><\/div>\n\n\n\n<div class=\"wp-block-stackable-button stk-block-button stk-block stk-3790ace\" data-block-id=\"3790ace\"><a class=\"stk-link stk-button stk--hover-effect-darken\" href=\"\"><span class=\"stk-button__inner-text\"><\/span><\/a><\/div>\n<\/div><\/div>\n<\/div><\/div><\/div>","protected":false},"excerpt":{"rendered":"<p>Prompt an Action Now Description for this block. Use this space for describing your block. Any text will do. Description for this block. You can use this space for describing your block. Pobierz plik<\/p>","protected":false},"author":1,"featured_media":0,"parent":0,"menu_order":0,"comment_status":"closed","ping_status":"closed","template":"","meta":{"content-type":"","footnotes":""},"class_list":["post-1993","page","type-page","status-publish","hentry"],"blocksy_meta":[],"yoast_head":"<!-- This site is optimized with the Yoast SEO plugin v24.0 - https:\/\/yoast.com\/wordpress\/plugins\/seo\/ -->\n<title>E-Book - Daily Media<\/title>\n<meta name=\"robots\" content=\"index, follow, max-snippet:-1, max-image-preview:large, max-video-preview:-1\" \/>\n<link rel=\"canonical\" href=\"https:\/\/dailymedia.pl\/en\/e-book\/\" \/>\n<meta property=\"og:locale\" content=\"en_GB\" \/>\n<meta property=\"og:type\" content=\"article\" \/>\n<meta property=\"og:title\" content=\"E-Book - Daily Media\" \/>\n<meta property=\"og:description\" content=\"Prompt an Action Now Description for this block. Use this space for describing your block. Any text will do. Description for this block. You can use this space for describing your block. Pobierz plik\" \/>\n<meta property=\"og:url\" content=\"https:\/\/dailymedia.pl\/en\/e-book\/\" \/>\n<meta property=\"og:site_name\" content=\"Daily Media\" \/>\n<meta property=\"article:publisher\" content=\"https:\/\/www.facebook.com\/DailyMediaOffice\/\" \/>\n<meta property=\"article:modified_time\" content=\"2023-07-01T17:41:39+00:00\" \/>\n<meta property=\"og:image\" content=\"https:\/\/dailymedia.pl\/wp-content\/uploads\/2021\/02\/tlo-fb.png\" \/>\n\t<meta property=\"og:image:width\" content=\"1600\" \/>\n\t<meta property=\"og:image:height\" content=\"900\" \/>\n\t<meta property=\"og:image:type\" content=\"image\/png\" \/>\n<meta name=\"twitter:card\" content=\"summary_large_image\" \/>\n<meta name=\"twitter:label1\" content=\"Estimated reading time\" \/>\n\t<meta name=\"twitter:data1\" content=\"1 minute\" \/>\n<script type=\"application\/ld+json\" class=\"yoast-schema-graph\">{\"@context\":\"https:\/\/schema.org\",\"@graph\":[{\"@type\":\"WebPage\",\"@id\":\"https:\/\/dailymedia.pl\/e-book\/\",\"url\":\"https:\/\/dailymedia.pl\/e-book\/\",\"name\":\"E-Book - Daily Media\",\"isPartOf\":{\"@id\":\"https:\/\/dailymedia.pl\/#website\"},\"datePublished\":\"2023-07-01T17:41:07+00:00\",\"dateModified\":\"2023-07-01T17:41:39+00:00\",\"breadcrumb\":{\"@id\":\"https:\/\/dailymedia.pl\/e-book\/#breadcrumb\"},\"inLanguage\":\"en-GB\",\"potentialAction\":[{\"@type\":\"ReadAction\",\"target\":[\"https:\/\/dailymedia.pl\/e-book\/\"]}]},{\"@type\":\"BreadcrumbList\",\"@id\":\"https:\/\/dailymedia.pl\/e-book\/#breadcrumb\",\"itemListElement\":[{\"@type\":\"ListItem\",\"position\":1,\"name\":\"Strona g\u0142\u00f3wna\",\"item\":\"https:\/\/dailymedia.pl\/\"},{\"@type\":\"ListItem\",\"position\":2,\"name\":\"E-Book\"}]},{\"@type\":\"WebSite\",\"@id\":\"https:\/\/dailymedia.pl\/#website\",\"url\":\"https:\/\/dailymedia.pl\/\",\"name\":\"Daily Media\",\"description\":\"Agencja Marketingowa - Social Media | Reklama | Strony internetowe - \u017bory, Katowice, \u015al\u0105sk\",\"publisher\":{\"@id\":\"https:\/\/dailymedia.pl\/#organization\"},\"potentialAction\":[{\"@type\":\"SearchAction\",\"target\":{\"@type\":\"EntryPoint\",\"urlTemplate\":\"https:\/\/dailymedia.pl\/?s={search_term_string}\"},\"query-input\":{\"@type\":\"PropertyValueSpecification\",\"valueRequired\":true,\"valueName\":\"search_term_string\"}}],\"inLanguage\":\"en-GB\"},{\"@type\":\"Organization\",\"@id\":\"https:\/\/dailymedia.pl\/#organization\",\"name\":\"Daily Media\",\"url\":\"https:\/\/dailymedia.pl\/\",\"logo\":{\"@type\":\"ImageObject\",\"inLanguage\":\"en-GB\",\"@id\":\"https:\/\/dailymedia.pl\/#\/schema\/logo\/image\/\",\"url\":\"https:\/\/dailymedia.pl\/wp-content\/uploads\/2023\/06\/logo-dm.svg\",\"contentUrl\":\"https:\/\/dailymedia.pl\/wp-content\/uploads\/2023\/06\/logo-dm.svg\",\"width\":5517,\"height\":852,\"caption\":\"Daily Media\"},\"image\":{\"@id\":\"https:\/\/dailymedia.pl\/#\/schema\/logo\/image\/\"},\"sameAs\":[\"https:\/\/www.facebook.com\/DailyMediaOffice\/\"]}]}<\/script>\n<!-- \/ Yoast SEO plugin. -->","yoast_head_json":{"title":"E-Book - Daily Media","robots":{"index":"index","follow":"follow","max-snippet":"max-snippet:-1","max-image-preview":"max-image-preview:large","max-video-preview":"max-video-preview:-1"},"canonical":"https:\/\/dailymedia.pl\/en\/e-book\/","og_locale":"en_GB","og_type":"article","og_title":"E-Book - Daily Media","og_description":"Prompt an Action Now Description for this block. Use this space for describing your block. Any text will do. Description for this block. You can use this space for describing your block. Pobierz plik","og_url":"https:\/\/dailymedia.pl\/en\/e-book\/","og_site_name":"Daily Media","article_publisher":"https:\/\/www.facebook.com\/DailyMediaOffice\/","article_modified_time":"2023-07-01T17:41:39+00:00","og_image":[{"width":1600,"height":900,"url":"https:\/\/dailymedia.pl\/wp-content\/uploads\/2021\/02\/tlo-fb.png","type":"image\/png"}],"twitter_card":"summary_large_image","twitter_misc":{"Estimated reading time":"1 minute"},"schema":{"@context":"https:\/\/schema.org","@graph":[{"@type":"WebPage","@id":"https:\/\/dailymedia.pl\/e-book\/","url":"https:\/\/dailymedia.pl\/e-book\/","name":"E-Book - Daily Media","isPartOf":{"@id":"https:\/\/dailymedia.pl\/#website"},"datePublished":"2023-07-01T17:41:07+00:00","dateModified":"2023-07-01T17:41:39+00:00","breadcrumb":{"@id":"https:\/\/dailymedia.pl\/e-book\/#breadcrumb"},"inLanguage":"en-GB","potentialAction":[{"@type":"ReadAction","target":["https:\/\/dailymedia.pl\/e-book\/"]}]},{"@type":"BreadcrumbList","@id":"https:\/\/dailymedia.pl\/e-book\/#breadcrumb","itemListElement":[{"@type":"ListItem","position":1,"name":"Strona g\u0142\u00f3wna","item":"https:\/\/dailymedia.pl\/"},{"@type":"ListItem","position":2,"name":"E-Book"}]},{"@type":"WebSite","@id":"https:\/\/dailymedia.pl\/#website","url":"https:\/\/dailymedia.pl\/","name":"Daily Media","description":"Agencja Marketingowa - Social Media | Reklama | Strony internetowe - \u017bory, Katowice, \u015al\u0105sk","publisher":{"@id":"https:\/\/dailymedia.pl\/#organization"},"potentialAction":[{"@type":"SearchAction","target":{"@type":"EntryPoint","urlTemplate":"https:\/\/dailymedia.pl\/?s={search_term_string}"},"query-input":{"@type":"PropertyValueSpecification","valueRequired":true,"valueName":"search_term_string"}}],"inLanguage":"en-GB"},{"@type":"Organization","@id":"https:\/\/dailymedia.pl\/#organization","name":"Daily Media","url":"https:\/\/dailymedia.pl\/","logo":{"@type":"ImageObject","inLanguage":"en-GB","@id":"https:\/\/dailymedia.pl\/#\/schema\/logo\/image\/","url":"https:\/\/dailymedia.pl\/wp-content\/uploads\/2023\/06\/logo-dm.svg","contentUrl":"https:\/\/dailymedia.pl\/wp-content\/uploads\/2023\/06\/logo-dm.svg","width":5517,"height":852,"caption":"Daily Media"},"image":{"@id":"https:\/\/dailymedia.pl\/#\/schema\/logo\/image\/"},"sameAs":["https:\/\/www.facebook.com\/DailyMediaOffice\/"]}]}},"_links":{"self":[{"href":"https:\/\/dailymedia.pl\/en\/wp-json\/wp\/v2\/pages\/1993","targetHints":{"allow":["GET"]}}],"collection":[{"href":"https:\/\/dailymedia.pl\/en\/wp-json\/wp\/v2\/pages"}],"about":[{"href":"https:\/\/dailymedia.pl\/en\/wp-json\/wp\/v2\/types\/page"}],"author":[{"embeddable":true,"href":"https:\/\/dailymedia.pl\/en\/wp-json\/wp\/v2\/users\/1"}],"replies":[{"embeddable":true,"href":"https:\/\/dailymedia.pl\/en\/wp-json\/wp\/v2\/comments?post=1993"}],"version-history":[{"count":2,"href":"https:\/\/dailymedia.pl\/en\/wp-json\/wp\/v2\/pages\/1993\/revisions"}],"predecessor-version":[{"id":1995,"href":"https:\/\/dailymedia.pl\/en\/wp-json\/wp\/v2\/pages\/1993\/revisions\/1995"}],"wp:attachment":[{"href":"https:\/\/dailymedia.pl\/en\/wp-json\/wp\/v2\/media?parent=1993"}],"curies":[{"name":"wp","href":"https:\/\/api.w.org\/{rel}","templated":true}]}}