{"id":1939,"date":"2023-07-01T15:11:48","date_gmt":"2023-07-01T13:11:48","guid":{"rendered":"https:\/\/dailymedia.pl\/?page_id=1939"},"modified":"2023-07-01T17:43:51","modified_gmt":"2023-07-01T15:43:51","slug":"slownik-marketingowy","status":"publish","type":"page","link":"https:\/\/dailymedia.pl\/en\/slownik-marketingowy\/","title":{"rendered":"S\u0142ownik marketingowy"},"content":{"rendered":"<p>[glossary]<div class=\"cm-glossary\"><div class=\"glossary-container\"><input type=\"hidden\" class=\"cmtt-attribute-field\" name=\"glossary_index_style\" value=\"classic\"><div id=\"glossaryList-nav\" class=\"listNav\" role=\"tablist\"><\/div><ul class=\"glossaryList\" role=\"tablist\" id=\"glossaryList\"  itemscope itemtype=\"https:\/\/schema.org\/DefinedTermSet\"><li class=\"\"  itemscope itemtype=\"https:\/\/schema.org\/DefinedTerm\" ><a href=\"https:\/\/dailymedia.pl\/en\/slownik\/seo\/\"  role=\"term\" class=\"glossaryLink glossary-link-title\"  title=\"S\u0142ownik: SEO\"   style=\"\"   itemprop=\"url\"  aria-describedby=\"tt\" data-cmtooltip=\"&lt;div class=glossaryItemTitle&gt;SEO&lt;\/div&gt;&lt;div class=glossaryItemBody&gt;&amp;lt;!-- wp:paragraph --&amp;gt;SADASDASDASDASDSD&amp;lt;br\/&amp;gt;&amp;lt;!-- \/wp:paragraph --&amp;gt;&amp;lt;!-- wp:paragraph --&amp;gt;s&amp;lt;br\/&amp;gt;&amp;lt;!-- \/wp:paragraph --&amp;gt;&amp;lt;!-- wp:paragraph --&amp;gt;s&amp;lt;br\/&amp;gt;&amp;lt;!-- \/wp:paragraph --&amp;gt;&amp;lt;!-- wp:paragraph --&amp;gt;s&amp;lt;br\/&amp;gt;&amp;lt;!-- \/wp:paragraph --&amp;gt;&amp;lt;!-- wp:paragraph --&amp;gt;d&amp;lt;br\/&amp;gt;&amp;lt;!-- \/wp:paragraph --&amp;gt;&amp;lt;!-- wp:paragraph --&amp;gt;ds&amp;lt;br\/&amp;gt;&amp;lt;!-- \/wp:paragraph --&amp;gt;&amp;lt;!-- wp:paragraph --&amp;gt;ds&amp;lt;br\/&amp;gt;&amp;lt;!-- \/wp:paragraph --&amp;gt;&amp;lt;!-- wp:paragraph --&amp;gt;ds&amp;lt;br\/&amp;gt;&amp;lt;!-- \/wp:paragraph --&amp;gt;&amp;lt;!-- wp:paragraph --&amp;gt;&amp;lt;br\/&amp;gt;&amp;lt;!-- \/wp:paragraph --&amp;gt;&lt;\/div&gt;\"><span itemprop=\"name\">SEO<\/span><\/a><\/li><\/ul><\/div><\/div><\/p>","protected":false},"excerpt":{"rendered":"<p>[glossary]<\/p>","protected":false},"author":1,"featured_media":0,"parent":0,"menu_order":0,"comment_status":"closed","ping_status":"closed","template":"","meta":{"content-type":"","footnotes":""},"class_list":["post-1939","page","type-page","status-publish","hentry"],"blocksy_meta":[],"yoast_head":"<!-- This site is optimized with the Yoast SEO plugin v24.0 - https:\/\/yoast.com\/wordpress\/plugins\/seo\/ -->\n<title>S\u0142ownik marketingowy - Daily Media<\/title>\n<meta name=\"robots\" content=\"index, follow, max-snippet:-1, max-image-preview:large, max-video-preview:-1\" \/>\n<link rel=\"canonical\" href=\"https:\/\/dailymedia.pl\/en\/slownik-marketingowy\/\" \/>\n<meta property=\"og:locale\" content=\"en_GB\" \/>\n<meta property=\"og:type\" content=\"article\" \/>\n<meta property=\"og:title\" content=\"S\u0142ownik marketingowy - Daily Media\" \/>\n<meta property=\"og:description\" content=\"[glossary]\" \/>\n<meta property=\"og:url\" content=\"https:\/\/dailymedia.pl\/en\/slownik-marketingowy\/\" \/>\n<meta property=\"og:site_name\" content=\"Daily Media\" \/>\n<meta property=\"article:publisher\" content=\"https:\/\/www.facebook.com\/DailyMediaOffice\/\" \/>\n<meta property=\"article:modified_time\" content=\"2023-07-01T15:43:51+00:00\" \/>\n<meta property=\"og:image\" content=\"https:\/\/dailymedia.pl\/wp-content\/uploads\/2021\/02\/tlo-fb.png\" \/>\n\t<meta property=\"og:image:width\" content=\"1600\" \/>\n\t<meta property=\"og:image:height\" content=\"900\" \/>\n\t<meta property=\"og:image:type\" content=\"image\/png\" \/>\n<meta name=\"twitter:card\" content=\"summary_large_image\" \/>\n<script type=\"application\/ld+json\" class=\"yoast-schema-graph\">{\"@context\":\"https:\/\/schema.org\",\"@graph\":[{\"@type\":\"WebPage\",\"@id\":\"https:\/\/dailymedia.pl\/slownik-marketingowy\/\",\"url\":\"https:\/\/dailymedia.pl\/slownik-marketingowy\/\",\"name\":\"S\u0142ownik marketingowy - Daily Media\",\"isPartOf\":{\"@id\":\"https:\/\/dailymedia.pl\/#website\"},\"datePublished\":\"2023-07-01T13:11:48+00:00\",\"dateModified\":\"2023-07-01T15:43:51+00:00\",\"breadcrumb\":{\"@id\":\"https:\/\/dailymedia.pl\/slownik-marketingowy\/#breadcrumb\"},\"inLanguage\":\"en-GB\",\"potentialAction\":[{\"@type\":\"ReadAction\",\"target\":[\"https:\/\/dailymedia.pl\/slownik-marketingowy\/\"]}]},{\"@type\":\"BreadcrumbList\",\"@id\":\"https:\/\/dailymedia.pl\/slownik-marketingowy\/#breadcrumb\",\"itemListElement\":[{\"@type\":\"ListItem\",\"position\":1,\"name\":\"Strona g\u0142\u00f3wna\",\"item\":\"https:\/\/dailymedia.pl\/\"},{\"@type\":\"ListItem\",\"position\":2,\"name\":\"S\u0142ownik marketingowy\"}]},{\"@type\":\"WebSite\",\"@id\":\"https:\/\/dailymedia.pl\/#website\",\"url\":\"https:\/\/dailymedia.pl\/\",\"name\":\"Daily Media\",\"description\":\"Agencja Marketingowa - Social Media | Reklama | Strony internetowe - \u017bory, Katowice, \u015al\u0105sk\",\"publisher\":{\"@id\":\"https:\/\/dailymedia.pl\/#organization\"},\"potentialAction\":[{\"@type\":\"SearchAction\",\"target\":{\"@type\":\"EntryPoint\",\"urlTemplate\":\"https:\/\/dailymedia.pl\/?s={search_term_string}\"},\"query-input\":{\"@type\":\"PropertyValueSpecification\",\"valueRequired\":true,\"valueName\":\"search_term_string\"}}],\"inLanguage\":\"en-GB\"},{\"@type\":\"Organization\",\"@id\":\"https:\/\/dailymedia.pl\/#organization\",\"name\":\"Daily Media\",\"url\":\"https:\/\/dailymedia.pl\/\",\"logo\":{\"@type\":\"ImageObject\",\"inLanguage\":\"en-GB\",\"@id\":\"https:\/\/dailymedia.pl\/#\/schema\/logo\/image\/\",\"url\":\"https:\/\/dailymedia.pl\/wp-content\/uploads\/2023\/06\/logo-dm.svg\",\"contentUrl\":\"https:\/\/dailymedia.pl\/wp-content\/uploads\/2023\/06\/logo-dm.svg\",\"width\":5517,\"height\":852,\"caption\":\"Daily Media\"},\"image\":{\"@id\":\"https:\/\/dailymedia.pl\/#\/schema\/logo\/image\/\"},\"sameAs\":[\"https:\/\/www.facebook.com\/DailyMediaOffice\/\"]}]}<\/script>\n<!-- \/ Yoast SEO plugin. -->","yoast_head_json":{"title":"S\u0142ownik marketingowy - Daily Media","robots":{"index":"index","follow":"follow","max-snippet":"max-snippet:-1","max-image-preview":"max-image-preview:large","max-video-preview":"max-video-preview:-1"},"canonical":"https:\/\/dailymedia.pl\/en\/slownik-marketingowy\/","og_locale":"en_GB","og_type":"article","og_title":"S\u0142ownik marketingowy - Daily Media","og_description":"[glossary]","og_url":"https:\/\/dailymedia.pl\/en\/slownik-marketingowy\/","og_site_name":"Daily Media","article_publisher":"https:\/\/www.facebook.com\/DailyMediaOffice\/","article_modified_time":"2023-07-01T15:43:51+00:00","og_image":[{"width":1600,"height":900,"url":"https:\/\/dailymedia.pl\/wp-content\/uploads\/2021\/02\/tlo-fb.png","type":"image\/png"}],"twitter_card":"summary_large_image","schema":{"@context":"https:\/\/schema.org","@graph":[{"@type":"WebPage","@id":"https:\/\/dailymedia.pl\/slownik-marketingowy\/","url":"https:\/\/dailymedia.pl\/slownik-marketingowy\/","name":"S\u0142ownik marketingowy - Daily Media","isPartOf":{"@id":"https:\/\/dailymedia.pl\/#website"},"datePublished":"2023-07-01T13:11:48+00:00","dateModified":"2023-07-01T15:43:51+00:00","breadcrumb":{"@id":"https:\/\/dailymedia.pl\/slownik-marketingowy\/#breadcrumb"},"inLanguage":"en-GB","potentialAction":[{"@type":"ReadAction","target":["https:\/\/dailymedia.pl\/slownik-marketingowy\/"]}]},{"@type":"BreadcrumbList","@id":"https:\/\/dailymedia.pl\/slownik-marketingowy\/#breadcrumb","itemListElement":[{"@type":"ListItem","position":1,"name":"Strona g\u0142\u00f3wna","item":"https:\/\/dailymedia.pl\/"},{"@type":"ListItem","position":2,"name":"S\u0142ownik marketingowy"}]},{"@type":"WebSite","@id":"https:\/\/dailymedia.pl\/#website","url":"https:\/\/dailymedia.pl\/","name":"Daily Media","description":"Agencja Marketingowa - Social Media | Reklama | Strony internetowe - \u017bory, Katowice, \u015al\u0105sk","publisher":{"@id":"https:\/\/dailymedia.pl\/#organization"},"potentialAction":[{"@type":"SearchAction","target":{"@type":"EntryPoint","urlTemplate":"https:\/\/dailymedia.pl\/?s={search_term_string}"},"query-input":{"@type":"PropertyValueSpecification","valueRequired":true,"valueName":"search_term_string"}}],"inLanguage":"en-GB"},{"@type":"Organization","@id":"https:\/\/dailymedia.pl\/#organization","name":"Daily Media","url":"https:\/\/dailymedia.pl\/","logo":{"@type":"ImageObject","inLanguage":"en-GB","@id":"https:\/\/dailymedia.pl\/#\/schema\/logo\/image\/","url":"https:\/\/dailymedia.pl\/wp-content\/uploads\/2023\/06\/logo-dm.svg","contentUrl":"https:\/\/dailymedia.pl\/wp-content\/uploads\/2023\/06\/logo-dm.svg","width":5517,"height":852,"caption":"Daily Media"},"image":{"@id":"https:\/\/dailymedia.pl\/#\/schema\/logo\/image\/"},"sameAs":["https:\/\/www.facebook.com\/DailyMediaOffice\/"]}]}},"_links":{"self":[{"href":"https:\/\/dailymedia.pl\/en\/wp-json\/wp\/v2\/pages\/1939","targetHints":{"allow":["GET"]}}],"collection":[{"href":"https:\/\/dailymedia.pl\/en\/wp-json\/wp\/v2\/pages"}],"about":[{"href":"https:\/\/dailymedia.pl\/en\/wp-json\/wp\/v2\/types\/page"}],"author":[{"embeddable":true,"href":"https:\/\/dailymedia.pl\/en\/wp-json\/wp\/v2\/users\/1"}],"replies":[{"embeddable":true,"href":"https:\/\/dailymedia.pl\/en\/wp-json\/wp\/v2\/comments?post=1939"}],"version-history":[{"count":3,"href":"https:\/\/dailymedia.pl\/en\/wp-json\/wp\/v2\/pages\/1939\/revisions"}],"predecessor-version":[{"id":1972,"href":"https:\/\/dailymedia.pl\/en\/wp-json\/wp\/v2\/pages\/1939\/revisions\/1972"}],"wp:attachment":[{"href":"https:\/\/dailymedia.pl\/en\/wp-json\/wp\/v2\/media?parent=1939"}],"curies":[{"name":"wp","href":"https:\/\/api.w.org\/{rel}","templated":true}]}}