{"id":1008,"date":"2021-03-01T23:23:54","date_gmt":"2021-03-01T22:23:54","guid":{"rendered":"https:\/\/dailymedia.pl\/?page_id=1008"},"modified":"2021-03-01T23:39:12","modified_gmt":"2021-03-01T22:39:12","slug":"influencer-marketing-oferta-dla-firm","status":"publish","type":"page","link":"https:\/\/dailymedia.pl\/en\/influencer-marketing-oferta-dla-firm\/","title":{"rendered":"Influencer marketing &#8211; oferta dla firm"},"content":{"rendered":"<div data-elementor-type=\"wp-page\" data-elementor-id=\"1008\" class=\"elementor elementor-1008\">\n\t\t\t\t\t\t\t\t\t<section class=\"elementor-section elementor-top-section elementor-element elementor-element-48c0d10 elementor-section-boxed elementor-section-height-default elementor-section-height-default\" data-id=\"48c0d10\" data-element_type=\"section\">\n\t\t\t\t\t\t<div class=\"elementor-container elementor-column-gap-default\">\n\t\t\t\t\t<div class=\"elementor-column elementor-col-100 elementor-top-column elementor-element elementor-element-92d6a68\" data-id=\"92d6a68\" data-element_type=\"column\">\n\t\t\t<div class=\"elementor-widget-wrap elementor-element-populated\">\n\t\t\t\t\t\t\t\t<div class=\"elementor-element elementor-element-a018aef elementor-widget elementor-widget-heading\" data-id=\"a018aef\" data-element_type=\"widget\" data-widget_type=\"heading.default\">\n\t\t\t\t<div class=\"elementor-widget-container\">\n\t\t\t<h2 class=\"elementor-heading-title elementor-size-default\">Je\u015bli chcesz zdoby\u0107 wielu nowych klient\u00f3w i sprawi\u0107, \u017ce Twoja marka b\u0119dzie rozpoznawalna, to mamy dla Ciebie sprawdzone rozwi\u0105zania!<\/h2>\t\t<\/div>\n\t\t\t\t<\/div>\n\t\t\t\t\t<\/div>\n\t\t<\/div>\n\t\t\t\t\t\t\t<\/div>\n\t\t<\/section>\n\t\t\t\t<section class=\"elementor-section elementor-top-section elementor-element elementor-element-172aff1 elementor-section-boxed elementor-section-height-default elementor-section-height-default\" data-id=\"172aff1\" data-element_type=\"section\">\n\t\t\t\t\t\t<div class=\"elementor-container elementor-column-gap-default\">\n\t\t\t\t\t<div class=\"elementor-column elementor-col-33 elementor-top-column elementor-element elementor-element-accb71a\" data-id=\"accb71a\" data-element_type=\"column\">\n\t\t\t<div class=\"elementor-widget-wrap elementor-element-populated\">\n\t\t\t\t\t\t\t\t<div class=\"elementor-element elementor-element-8b56606 elementor-view-default elementor-position-top elementor-mobile-position-top elementor-widget elementor-widget-icon-box\" data-id=\"8b56606\" data-element_type=\"widget\" data-widget_type=\"icon-box.default\">\n\t\t\t\t<div class=\"elementor-widget-container\">\n\t\t\t\t\t<div class=\"elementor-icon-box-wrapper\">\n\t\t\t\t\t\t<div class=\"elementor-icon-box-icon\">\n\t\t\t\t<span  class=\"elementor-icon elementor-animation-\">\n\t\t\t\t<i aria-hidden=\"true\" class=\"fas fa-users\"><\/i>\t\t\t\t<\/span>\n\t\t\t<\/div>\n\t\t\t\t\t\t<div class=\"elementor-icon-box-content\">\n\t\t\t\t<h3 class=\"elementor-icon-box-title\">\n\t\t\t\t\t<span  >\n\t\t\t\t\t\tRozpoznawalno\u015b\u0107 marki\t\t\t\t\t<\/span>\n\t\t\t\t<\/h3>\n\t\t\t\t\t\t\t<\/div>\n\t\t<\/div>\n\t\t\t\t<\/div>\n\t\t\t\t<\/div>\n\t\t\t\t\t<\/div>\n\t\t<\/div>\n\t\t\t\t<div class=\"elementor-column elementor-col-33 elementor-top-column elementor-element elementor-element-1c9a527\" data-id=\"1c9a527\" data-element_type=\"column\">\n\t\t\t<div class=\"elementor-widget-wrap elementor-element-populated\">\n\t\t\t\t\t\t\t\t<div class=\"elementor-element elementor-element-2e40ad7 elementor-view-default elementor-position-top elementor-mobile-position-top elementor-widget elementor-widget-icon-box\" data-id=\"2e40ad7\" data-element_type=\"widget\" data-widget_type=\"icon-box.default\">\n\t\t\t\t<div class=\"elementor-widget-container\">\n\t\t\t\t\t<div class=\"elementor-icon-box-wrapper\">\n\t\t\t\t\t\t<div class=\"elementor-icon-box-icon\">\n\t\t\t\t<span  class=\"elementor-icon elementor-animation-\">\n\t\t\t\t<i aria-hidden=\"true\" class=\"fas fa-money-check-alt\"><\/i>\t\t\t\t<\/span>\n\t\t\t<\/div>\n\t\t\t\t\t\t<div class=\"elementor-icon-box-content\">\n\t\t\t\t<h3 class=\"elementor-icon-box-title\">\n\t\t\t\t\t<span  >\n\t\t\t\t\t\tZwi\u0119kszenie sprzeda\u017cy\t\t\t\t\t<\/span>\n\t\t\t\t<\/h3>\n\t\t\t\t\t\t\t<\/div>\n\t\t<\/div>\n\t\t\t\t<\/div>\n\t\t\t\t<\/div>\n\t\t\t\t\t<\/div>\n\t\t<\/div>\n\t\t\t\t<div class=\"elementor-column elementor-col-33 elementor-top-column elementor-element elementor-element-c635afe\" data-id=\"c635afe\" data-element_type=\"column\">\n\t\t\t<div class=\"elementor-widget-wrap elementor-element-populated\">\n\t\t\t\t\t\t\t\t<div class=\"elementor-element elementor-element-e7977a1 elementor-view-default elementor-position-top elementor-mobile-position-top elementor-widget elementor-widget-icon-box\" data-id=\"e7977a1\" data-element_type=\"widget\" data-widget_type=\"icon-box.default\">\n\t\t\t\t<div class=\"elementor-widget-container\">\n\t\t\t\t\t<div class=\"elementor-icon-box-wrapper\">\n\t\t\t\t\t\t<div class=\"elementor-icon-box-icon\">\n\t\t\t\t<span  class=\"elementor-icon elementor-animation-\">\n\t\t\t\t<i aria-hidden=\"true\" class=\"far fa-comments\"><\/i>\t\t\t\t<\/span>\n\t\t\t<\/div>\n\t\t\t\t\t\t<div class=\"elementor-icon-box-content\">\n\t\t\t\t<h3 class=\"elementor-icon-box-title\">\n\t\t\t\t\t<span  >\n\t\t\t\t\t\tProfesjonalne kampanie\t\t\t\t\t<\/span>\n\t\t\t\t<\/h3>\n\t\t\t\t\t\t\t<\/div>\n\t\t<\/div>\n\t\t\t\t<\/div>\n\t\t\t\t<\/div>\n\t\t\t\t\t<\/div>\n\t\t<\/div>\n\t\t\t\t\t\t\t<\/div>\n\t\t<\/section>\n\t\t\t\t<section class=\"elementor-section elementor-top-section elementor-element elementor-element-b9068e3 elementor-section-boxed elementor-section-height-default elementor-section-height-default\" data-id=\"b9068e3\" data-element_type=\"section\">\n\t\t\t\t\t\t<div class=\"elementor-container elementor-column-gap-default\">\n\t\t\t\t\t<div class=\"elementor-column elementor-col-100 elementor-top-column elementor-element elementor-element-cbda054\" data-id=\"cbda054\" data-element_type=\"column\">\n\t\t\t<div class=\"elementor-widget-wrap elementor-element-populated\">\n\t\t\t\t\t\t\t\t<div class=\"elementor-element elementor-element-ff51d31 elementor-widget elementor-widget-text-editor\" data-id=\"ff51d31\" data-element_type=\"widget\" data-widget_type=\"text-editor.default\">\n\t\t\t\t<div class=\"elementor-widget-container\">\n\t\t\t\t\t\t\t<p><span style=\"font-weight: 400;\">Nasze dzia\u0142ania marketingowe opieraj\u0105 si\u0119 na wiedzy, zdobywanej przez lata. Razem z nami zwi\u0119kszysz sprzeda\u017c i zyskasz popularno\u015b\u0107 w mediach spo\u0142eczno\u015bciowych.<\/span><\/p>\t\t\t\t\t\t<\/div>\n\t\t\t\t<\/div>\n\t\t\t\t<div class=\"elementor-element elementor-element-5e1cae1 elementor-widget elementor-widget-heading\" data-id=\"5e1cae1\" data-element_type=\"widget\" data-widget_type=\"heading.default\">\n\t\t\t\t<div class=\"elementor-widget-container\">\n\t\t\t<h2 class=\"elementor-heading-title elementor-size-default\">Dodatkowo zapewniamy<\/h2>\t\t<\/div>\n\t\t\t\t<\/div>\n\t\t\t\t\t<\/div>\n\t\t<\/div>\n\t\t\t\t\t\t\t<\/div>\n\t\t<\/section>\n\t\t\t\t<section class=\"elementor-section elementor-top-section elementor-element elementor-element-96657a5 elementor-section-boxed elementor-section-height-default elementor-section-height-default\" data-id=\"96657a5\" data-element_type=\"section\">\n\t\t\t\t\t\t<div class=\"elementor-container elementor-column-gap-default\">\n\t\t\t\t\t<div class=\"elementor-column elementor-col-33 elementor-top-column elementor-element elementor-element-496d971\" data-id=\"496d971\" data-element_type=\"column\">\n\t\t\t<div class=\"elementor-widget-wrap elementor-element-populated\">\n\t\t\t\t\t\t\t\t<div class=\"elementor-element elementor-element-a10c46f elementor-view-default elementor-position-top elementor-mobile-position-top elementor-widget elementor-widget-icon-box\" data-id=\"a10c46f\" data-element_type=\"widget\" data-widget_type=\"icon-box.default\">\n\t\t\t\t<div class=\"elementor-widget-container\">\n\t\t\t\t\t<div class=\"elementor-icon-box-wrapper\">\n\t\t\t\t\t\t<div class=\"elementor-icon-box-icon\">\n\t\t\t\t<span  class=\"elementor-icon elementor-animation-\">\n\t\t\t\t<i aria-hidden=\"true\" class=\"fas fa-hashtag\"><\/i>\t\t\t\t<\/span>\n\t\t\t<\/div>\n\t\t\t\t\t\t<div class=\"elementor-icon-box-content\">\n\t\t\t\t<h3 class=\"elementor-icon-box-title\">\n\t\t\t\t\t<span  >\n\t\t\t\t\t\tIdentyfikacj\u0119 Twojej marki\t\t\t\t\t<\/span>\n\t\t\t\t<\/h3>\n\t\t\t\t\t\t\t<\/div>\n\t\t<\/div>\n\t\t\t\t<\/div>\n\t\t\t\t<\/div>\n\t\t\t\t\t<\/div>\n\t\t<\/div>\n\t\t\t\t<div class=\"elementor-column elementor-col-33 elementor-top-column elementor-element elementor-element-f29cb23\" data-id=\"f29cb23\" data-element_type=\"column\">\n\t\t\t<div class=\"elementor-widget-wrap elementor-element-populated\">\n\t\t\t\t\t\t\t\t<div class=\"elementor-element elementor-element-bec657d elementor-view-default elementor-position-top elementor-mobile-position-top elementor-widget elementor-widget-icon-box\" data-id=\"bec657d\" data-element_type=\"widget\" data-widget_type=\"icon-box.default\">\n\t\t\t\t<div class=\"elementor-widget-container\">\n\t\t\t\t\t<div class=\"elementor-icon-box-wrapper\">\n\t\t\t\t\t\t<div class=\"elementor-icon-box-icon\">\n\t\t\t\t<span  class=\"elementor-icon elementor-animation-\">\n\t\t\t\t<i aria-hidden=\"true\" class=\"fas fa-users\"><\/i>\t\t\t\t<\/span>\n\t\t\t<\/div>\n\t\t\t\t\t\t<div class=\"elementor-icon-box-content\">\n\t\t\t\t<h3 class=\"elementor-icon-box-title\">\n\t\t\t\t\t<span  >\n\t\t\t\t\t\tNauk\u0119 rozmowy z klientem\t\t\t\t\t<\/span>\n\t\t\t\t<\/h3>\n\t\t\t\t\t\t\t<\/div>\n\t\t<\/div>\n\t\t\t\t<\/div>\n\t\t\t\t<\/div>\n\t\t\t\t\t<\/div>\n\t\t<\/div>\n\t\t\t\t<div class=\"elementor-column elementor-col-33 elementor-top-column elementor-element elementor-element-e668af5\" data-id=\"e668af5\" data-element_type=\"column\">\n\t\t\t<div class=\"elementor-widget-wrap elementor-element-populated\">\n\t\t\t\t\t\t\t\t<div class=\"elementor-element elementor-element-f5fcdf5 elementor-view-default elementor-position-top elementor-mobile-position-top elementor-widget elementor-widget-icon-box\" data-id=\"f5fcdf5\" data-element_type=\"widget\" data-widget_type=\"icon-box.default\">\n\t\t\t\t<div class=\"elementor-widget-container\">\n\t\t\t\t\t<div class=\"elementor-icon-box-wrapper\">\n\t\t\t\t\t\t<div class=\"elementor-icon-box-icon\">\n\t\t\t\t<span  class=\"elementor-icon elementor-animation-\">\n\t\t\t\t<i aria-hidden=\"true\" class=\"far fa-star\"><\/i>\t\t\t\t<\/span>\n\t\t\t<\/div>\n\t\t\t\t\t\t<div class=\"elementor-icon-box-content\">\n\t\t\t\t<h3 class=\"elementor-icon-box-title\">\n\t\t\t\t\t<span  >\n\t\t\t\t\t\tAtrakcyjne tre\u015bci\t\t\t\t\t<\/span>\n\t\t\t\t<\/h3>\n\t\t\t\t\t\t\t<\/div>\n\t\t<\/div>\n\t\t\t\t<\/div>\n\t\t\t\t<\/div>\n\t\t\t\t\t<\/div>\n\t\t<\/div>\n\t\t\t\t\t\t\t<\/div>\n\t\t<\/section>\n\t\t\t\t<section class=\"elementor-section elementor-top-section elementor-element elementor-element-4fc62b4 elementor-section-boxed elementor-section-height-default elementor-section-height-default\" data-id=\"4fc62b4\" data-element_type=\"section\">\n\t\t\t\t\t\t<div class=\"elementor-container elementor-column-gap-default\">\n\t\t\t\t\t<div class=\"elementor-column elementor-col-100 elementor-top-column elementor-element elementor-element-ee909e8\" data-id=\"ee909e8\" data-element_type=\"column\">\n\t\t\t<div class=\"elementor-widget-wrap elementor-element-populated\">\n\t\t\t\t\t\t\t\t<div class=\"elementor-element elementor-element-f71172a elementor-widget elementor-widget-heading\" data-id=\"f71172a\" data-element_type=\"widget\" data-widget_type=\"heading.default\">\n\t\t\t\t<div class=\"elementor-widget-container\">\n\t\t\t<h2 class=\"elementor-heading-title elementor-size-default\">Wype\u0142nij formularz i promuj swoj\u0105 mark\u0119!<\/h2>\t\t<\/div>\n\t\t\t\t<\/div>\n\t\t\t\t\t<\/div>\n\t\t<\/div>\n\t\t\t\t\t\t\t<\/div>\n\t\t<\/section>\n\t\t\t\t<section class=\"elementor-section elementor-top-section elementor-element elementor-element-358d776 elementor-section-boxed elementor-section-height-default elementor-section-height-default\" data-id=\"358d776\" data-element_type=\"section\">\n\t\t\t\t\t\t<div class=\"elementor-container elementor-column-gap-default\">\n\t\t\t\t\t<div class=\"elementor-column elementor-col-100 elementor-top-column elementor-element elementor-element-6087fb0\" data-id=\"6087fb0\" data-element_type=\"column\">\n\t\t\t<div class=\"elementor-widget-wrap elementor-element-populated\">\n\t\t\t\t\t\t\t\t<div class=\"elementor-element elementor-element-7a7a4c5 elementor-widget elementor-widget-wpforms\" data-id=\"7a7a4c5\" data-element_type=\"widget\" data-widget_type=\"wpforms.default\">\n\t\t\t\t<div class=\"elementor-widget-container\">\n\t\t\t<div class=\"wpforms-container\" id=\"wpforms-1007\"><form id=\"wpforms-form-1007\" class=\"wpforms-validate wpforms-form\" data-formid=\"1007\" method=\"post\" enctype=\"multipart\/form-data\" action=\"\/wp-json\/wp\/v2\/pages\/1008\" data-token=\"17795f3320ad94162dca54d8673dd997\" data-token-time=\"1777032194\" data-trp-original-action=\"\/en\/wp-json\/wp\/v2\/pages\/1008\"><noscript class=\"wpforms-error-noscript\">Please enable JavaScript in your browser to complete this form.<\/noscript><div class=\"wpforms-field-container\"><div id=\"wpforms-1007-field_3-container\" class=\"wpforms-field wpforms-field-name\" data-field-id=\"3\"><label class=\"wpforms-field-label\" for=\"wpforms-1007-field_3\">Nazwa firmy <span class=\"wpforms-required-label\">*<\/span><\/label><input type=\"text\" id=\"wpforms-1007-field_3\" class=\"wpforms-field-medium wpforms-field-required\" name=\"wpforms[fields][3]\" placeholder=\"Nazwa firmy\" required><\/div><div id=\"wpforms-1007-field_4-container\" class=\"wpforms-field wpforms-field-email\" data-field-id=\"4\"><label class=\"wpforms-field-label\" for=\"wpforms-1007-field_4\">Email <span class=\"wpforms-required-label\">*<\/span><\/label><input type=\"email\" id=\"wpforms-1007-field_4\" class=\"wpforms-field-medium wpforms-field-required\" name=\"wpforms[fields][4]\" placeholder=\"Email\" spellcheck=\"false\" required><\/div><div id=\"wpforms-1007-field_2-container\" class=\"wpforms-field wpforms-field-text\" data-field-id=\"2\"><label class=\"wpforms-field-label\" for=\"wpforms-1007-field_2\">Nazwa na Instagramie<\/label><input type=\"text\" id=\"wpforms-1007-field_2\" class=\"wpforms-field-medium\" name=\"wpforms[fields][2]\" placeholder=\"Nazwa na Instagramie\" ><\/div><div id=\"wpforms-1007-field_17-container\" class=\"wpforms-field wpforms-field-text\" data-field-id=\"17\"><label class=\"wpforms-field-label\" for=\"wpforms-1007-field_17\">Nazwa na Facebooku<\/label><input type=\"text\" id=\"wpforms-1007-field_17\" class=\"wpforms-field-medium\" name=\"wpforms[fields][17]\" placeholder=\"Nazwa na Facebooku\" ><\/div><div id=\"wpforms-1007-field_8-container\" class=\"wpforms-field wpforms-field-text\" data-field-id=\"8\"><label class=\"wpforms-field-label\" for=\"wpforms-1007-field_8\">Nazwa na TikToku<\/label><input type=\"text\" id=\"wpforms-1007-field_8\" class=\"wpforms-field-medium\" name=\"wpforms[fields][8]\" placeholder=\"Nazwa na TikToku\" ><\/div><div id=\"wpforms-1007-field_16-container\" class=\"wpforms-field wpforms-field-textarea\" data-field-id=\"16\"><label class=\"wpforms-field-label\" for=\"wpforms-1007-field_16\">Dodatkowe informacje<\/label><textarea id=\"wpforms-1007-field_16\" class=\"wpforms-field-small\" name=\"wpforms[fields][16]\" placeholder=\"Tutaj wpisz dodatkowe informacje\" ><\/textarea><\/div><div id=\"wpforms-1007-field_9-container\" class=\"wpforms-field wpforms-field-checkbox wpforms-list-2-columns\" data-field-id=\"9\"><label class=\"wpforms-field-label\">Wymagane <span class=\"wpforms-required-label\">*<\/span><\/label><ul id=\"wpforms-1007-field_9\" class=\"wpforms-field-required\"><li class=\"choice-1 depth-1\"><input type=\"checkbox\" id=\"wpforms-1007-field_9_1\" name=\"wpforms[fields][9][]\" value=\"Wyra\u017cam zgod\u0119 na przetwarzanie moich danych osobowych podanych w niniejszym formularzu, w celu uzyskania odpowiedzi na z\u0142o\u017cone zapytanie zgodnie z polityk\u0105 prywatno\u015bci serwisu.\" required><label class=\"wpforms-field-label-inline\" for=\"wpforms-1007-field_9_1\">Wyra\u017cam zgod\u0119 na przetwarzanie moich danych osobowych podanych w niniejszym formularzu, w celu uzyskania odpowiedzi na z\u0142o\u017cone zapytanie zgodnie z polityk\u0105 prywatno\u015bci serwisu.<\/label><\/li><\/ul><\/div><\/div><!-- .wpforms-field-container --><div class=\"wpforms-submit-container\" ><input type=\"hidden\" name=\"wpforms[id]\" value=\"1007\"><input type=\"hidden\" name=\"page_title\" value=\"\"><input type=\"hidden\" name=\"page_url\" value=\"https:\/\/dailymedia.pl\/en\/wp-json\/wp\/v2\/pages\/1008\"><button type=\"submit\" name=\"wpforms[submit]\" id=\"wpforms-submit-1007\" class=\"wpforms-submit\" data-alt-text=\"Wysy\u0142anie...\" data-submit-text=\"WY\u015aLIJ\" aria-live=\"assertive\" value=\"wpforms-submit\">WY\u015aLIJ<\/button><\/div><input type=\"hidden\" name=\"trp-form-language\" value=\"en\"\/><\/form><\/div>  <!-- .wpforms-container -->\t\t<\/div>\n\t\t\t\t<\/div>\n\t\t\t\t\t<\/div>\n\t\t<\/div>\n\t\t\t\t\t\t\t<\/div>\n\t\t<\/section>\n\t\t\t\t\t\t\t<\/div>","protected":false},"excerpt":{"rendered":"<p>Je\u015bli chcesz zdoby\u0107 wielu nowych klient\u00f3w i sprawi\u0107, \u017ce Twoja marka b\u0119dzie rozpoznawalna, to mamy dla Ciebie sprawdzone rozwi\u0105zania! Rozpoznawalno\u015b\u0107 marki Zwi\u0119kszenie sprzeda\u017cy Profesjonalne kampanie Nasze dzia\u0142ania marketingowe opieraj\u0105 si\u0119 na wiedzy, zdobywanej przez lata. Razem z nami zwi\u0119kszysz sprzeda\u017c i zyskasz popularno\u015b\u0107 w mediach spo\u0142eczno\u015bciowych. Dodatkowo zapewniamy Identyfikacj\u0119 Twojej marki Nauk\u0119 rozmowy z klientem [&hellip;]<\/p>","protected":false},"author":1,"featured_media":0,"parent":0,"menu_order":0,"comment_status":"closed","ping_status":"closed","template":"page-templates\/page_fullwidth.php","meta":{"content-type":"","footnotes":""},"class_list":["post-1008","page","type-page","status-publish","hentry"],"blocksy_meta":[],"yoast_head":"<!-- This site is optimized with the Yoast SEO plugin v24.0 - https:\/\/yoast.com\/wordpress\/plugins\/seo\/ -->\n<title>Influencer marketing - oferta dla firm - Daily Media<\/title>\n<meta name=\"robots\" content=\"index, follow, max-snippet:-1, max-image-preview:large, max-video-preview:-1\" \/>\n<link rel=\"canonical\" href=\"https:\/\/dailymedia.pl\/en\/influencer-marketing-oferta-dla-firm\/\" \/>\n<meta property=\"og:locale\" content=\"en_GB\" \/>\n<meta property=\"og:type\" content=\"article\" \/>\n<meta property=\"og:title\" content=\"Influencer marketing - oferta dla firm - Daily Media\" \/>\n<meta property=\"og:description\" content=\"Je\u015bli chcesz zdoby\u0107 wielu nowych klient\u00f3w i sprawi\u0107, \u017ce Twoja marka b\u0119dzie rozpoznawalna, to mamy dla Ciebie sprawdzone rozwi\u0105zania! Rozpoznawalno\u015b\u0107 marki Zwi\u0119kszenie sprzeda\u017cy Profesjonalne kampanie Nasze dzia\u0142ania marketingowe opieraj\u0105 si\u0119 na wiedzy, zdobywanej przez lata. Razem z nami zwi\u0119kszysz sprzeda\u017c i zyskasz popularno\u015b\u0107 w mediach spo\u0142eczno\u015bciowych. Dodatkowo zapewniamy Identyfikacj\u0119 Twojej marki Nauk\u0119 rozmowy z klientem [&hellip;]\" \/>\n<meta property=\"og:url\" content=\"https:\/\/dailymedia.pl\/en\/influencer-marketing-oferta-dla-firm\/\" \/>\n<meta property=\"og:site_name\" content=\"Daily Media\" \/>\n<meta property=\"article:publisher\" content=\"https:\/\/www.facebook.com\/DailyMediaOffice\/\" \/>\n<meta property=\"article:modified_time\" content=\"2021-03-01T22:39:12+00:00\" \/>\n<meta property=\"og:image\" content=\"https:\/\/dailymedia.pl\/wp-content\/uploads\/2021\/02\/tlo-fb.png\" \/>\n\t<meta property=\"og:image:width\" content=\"1600\" \/>\n\t<meta property=\"og:image:height\" content=\"900\" \/>\n\t<meta property=\"og:image:type\" content=\"image\/png\" \/>\n<meta name=\"twitter:card\" content=\"summary_large_image\" \/>\n<meta name=\"twitter:label1\" content=\"Estimated reading time\" \/>\n\t<meta name=\"twitter:data1\" content=\"1 minute\" \/>\n<script type=\"application\/ld+json\" class=\"yoast-schema-graph\">{\"@context\":\"https:\/\/schema.org\",\"@graph\":[{\"@type\":\"WebPage\",\"@id\":\"https:\/\/dailymedia.pl\/influencer-marketing-oferta-dla-firm\/\",\"url\":\"https:\/\/dailymedia.pl\/influencer-marketing-oferta-dla-firm\/\",\"name\":\"Influencer marketing - oferta dla firm - Daily Media\",\"isPartOf\":{\"@id\":\"https:\/\/dailymedia.pl\/#website\"},\"datePublished\":\"2021-03-01T22:23:54+00:00\",\"dateModified\":\"2021-03-01T22:39:12+00:00\",\"breadcrumb\":{\"@id\":\"https:\/\/dailymedia.pl\/influencer-marketing-oferta-dla-firm\/#breadcrumb\"},\"inLanguage\":\"en-GB\",\"potentialAction\":[{\"@type\":\"ReadAction\",\"target\":[\"https:\/\/dailymedia.pl\/influencer-marketing-oferta-dla-firm\/\"]}]},{\"@type\":\"BreadcrumbList\",\"@id\":\"https:\/\/dailymedia.pl\/influencer-marketing-oferta-dla-firm\/#breadcrumb\",\"itemListElement\":[{\"@type\":\"ListItem\",\"position\":1,\"name\":\"Strona g\u0142\u00f3wna\",\"item\":\"https:\/\/dailymedia.pl\/\"},{\"@type\":\"ListItem\",\"position\":2,\"name\":\"Influencer marketing &#8211; oferta dla firm\"}]},{\"@type\":\"WebSite\",\"@id\":\"https:\/\/dailymedia.pl\/#website\",\"url\":\"https:\/\/dailymedia.pl\/\",\"name\":\"Daily Media\",\"description\":\"Agencja Marketingowa - Social Media | Reklama | Strony internetowe - \u017bory, Katowice, \u015al\u0105sk\",\"publisher\":{\"@id\":\"https:\/\/dailymedia.pl\/#organization\"},\"potentialAction\":[{\"@type\":\"SearchAction\",\"target\":{\"@type\":\"EntryPoint\",\"urlTemplate\":\"https:\/\/dailymedia.pl\/?s={search_term_string}\"},\"query-input\":{\"@type\":\"PropertyValueSpecification\",\"valueRequired\":true,\"valueName\":\"search_term_string\"}}],\"inLanguage\":\"en-GB\"},{\"@type\":\"Organization\",\"@id\":\"https:\/\/dailymedia.pl\/#organization\",\"name\":\"Daily Media\",\"url\":\"https:\/\/dailymedia.pl\/\",\"logo\":{\"@type\":\"ImageObject\",\"inLanguage\":\"en-GB\",\"@id\":\"https:\/\/dailymedia.pl\/#\/schema\/logo\/image\/\",\"url\":\"https:\/\/dailymedia.pl\/wp-content\/uploads\/2023\/06\/logo-dm.svg\",\"contentUrl\":\"https:\/\/dailymedia.pl\/wp-content\/uploads\/2023\/06\/logo-dm.svg\",\"width\":5517,\"height\":852,\"caption\":\"Daily Media\"},\"image\":{\"@id\":\"https:\/\/dailymedia.pl\/#\/schema\/logo\/image\/\"},\"sameAs\":[\"https:\/\/www.facebook.com\/DailyMediaOffice\/\"]}]}<\/script>\n<!-- \/ Yoast SEO plugin. -->","yoast_head_json":{"title":"Influencer marketing - oferta dla firm - Daily Media","robots":{"index":"index","follow":"follow","max-snippet":"max-snippet:-1","max-image-preview":"max-image-preview:large","max-video-preview":"max-video-preview:-1"},"canonical":"https:\/\/dailymedia.pl\/en\/influencer-marketing-oferta-dla-firm\/","og_locale":"en_GB","og_type":"article","og_title":"Influencer marketing - oferta dla firm - Daily Media","og_description":"Je\u015bli chcesz zdoby\u0107 wielu nowych klient\u00f3w i sprawi\u0107, \u017ce Twoja marka b\u0119dzie rozpoznawalna, to mamy dla Ciebie sprawdzone rozwi\u0105zania! Rozpoznawalno\u015b\u0107 marki Zwi\u0119kszenie sprzeda\u017cy Profesjonalne kampanie Nasze dzia\u0142ania marketingowe opieraj\u0105 si\u0119 na wiedzy, zdobywanej przez lata. Razem z nami zwi\u0119kszysz sprzeda\u017c i zyskasz popularno\u015b\u0107 w mediach spo\u0142eczno\u015bciowych. Dodatkowo zapewniamy Identyfikacj\u0119 Twojej marki Nauk\u0119 rozmowy z klientem [&hellip;]","og_url":"https:\/\/dailymedia.pl\/en\/influencer-marketing-oferta-dla-firm\/","og_site_name":"Daily Media","article_publisher":"https:\/\/www.facebook.com\/DailyMediaOffice\/","article_modified_time":"2021-03-01T22:39:12+00:00","og_image":[{"width":1600,"height":900,"url":"https:\/\/dailymedia.pl\/wp-content\/uploads\/2021\/02\/tlo-fb.png","type":"image\/png"}],"twitter_card":"summary_large_image","twitter_misc":{"Estimated reading time":"1 minute"},"schema":{"@context":"https:\/\/schema.org","@graph":[{"@type":"WebPage","@id":"https:\/\/dailymedia.pl\/influencer-marketing-oferta-dla-firm\/","url":"https:\/\/dailymedia.pl\/influencer-marketing-oferta-dla-firm\/","name":"Influencer marketing - oferta dla firm - Daily Media","isPartOf":{"@id":"https:\/\/dailymedia.pl\/#website"},"datePublished":"2021-03-01T22:23:54+00:00","dateModified":"2021-03-01T22:39:12+00:00","breadcrumb":{"@id":"https:\/\/dailymedia.pl\/influencer-marketing-oferta-dla-firm\/#breadcrumb"},"inLanguage":"en-GB","potentialAction":[{"@type":"ReadAction","target":["https:\/\/dailymedia.pl\/influencer-marketing-oferta-dla-firm\/"]}]},{"@type":"BreadcrumbList","@id":"https:\/\/dailymedia.pl\/influencer-marketing-oferta-dla-firm\/#breadcrumb","itemListElement":[{"@type":"ListItem","position":1,"name":"Strona g\u0142\u00f3wna","item":"https:\/\/dailymedia.pl\/"},{"@type":"ListItem","position":2,"name":"Influencer marketing &#8211; oferta dla firm"}]},{"@type":"WebSite","@id":"https:\/\/dailymedia.pl\/#website","url":"https:\/\/dailymedia.pl\/","name":"Daily Media","description":"Agencja Marketingowa - Social Media | Reklama | Strony internetowe - \u017bory, Katowice, \u015al\u0105sk","publisher":{"@id":"https:\/\/dailymedia.pl\/#organization"},"potentialAction":[{"@type":"SearchAction","target":{"@type":"EntryPoint","urlTemplate":"https:\/\/dailymedia.pl\/?s={search_term_string}"},"query-input":{"@type":"PropertyValueSpecification","valueRequired":true,"valueName":"search_term_string"}}],"inLanguage":"en-GB"},{"@type":"Organization","@id":"https:\/\/dailymedia.pl\/#organization","name":"Daily Media","url":"https:\/\/dailymedia.pl\/","logo":{"@type":"ImageObject","inLanguage":"en-GB","@id":"https:\/\/dailymedia.pl\/#\/schema\/logo\/image\/","url":"https:\/\/dailymedia.pl\/wp-content\/uploads\/2023\/06\/logo-dm.svg","contentUrl":"https:\/\/dailymedia.pl\/wp-content\/uploads\/2023\/06\/logo-dm.svg","width":5517,"height":852,"caption":"Daily Media"},"image":{"@id":"https:\/\/dailymedia.pl\/#\/schema\/logo\/image\/"},"sameAs":["https:\/\/www.facebook.com\/DailyMediaOffice\/"]}]}},"_links":{"self":[{"href":"https:\/\/dailymedia.pl\/en\/wp-json\/wp\/v2\/pages\/1008","targetHints":{"allow":["GET"]}}],"collection":[{"href":"https:\/\/dailymedia.pl\/en\/wp-json\/wp\/v2\/pages"}],"about":[{"href":"https:\/\/dailymedia.pl\/en\/wp-json\/wp\/v2\/types\/page"}],"author":[{"embeddable":true,"href":"https:\/\/dailymedia.pl\/en\/wp-json\/wp\/v2\/users\/1"}],"replies":[{"embeddable":true,"href":"https:\/\/dailymedia.pl\/en\/wp-json\/wp\/v2\/comments?post=1008"}],"version-history":[{"count":16,"href":"https:\/\/dailymedia.pl\/en\/wp-json\/wp\/v2\/pages\/1008\/revisions"}],"predecessor-version":[{"id":1026,"href":"https:\/\/dailymedia.pl\/en\/wp-json\/wp\/v2\/pages\/1008\/revisions\/1026"}],"wp:attachment":[{"href":"https:\/\/dailymedia.pl\/en\/wp-json\/wp\/v2\/media?parent=1008"}],"curies":[{"name":"wp","href":"https:\/\/api.w.org\/{rel}","templated":true}]}}